{"id":14430,"date":"2022-07-12T09:37:00","date_gmt":"2022-07-12T09:37:00","guid":{"rendered":"http:\/\/merakibeachhotel.com\/events\/"},"modified":"2022-12-26T09:57:44","modified_gmt":"2022-12-26T09:57:44","slug":"events","status":"publish","type":"page","link":"https:\/\/merakibeachhotel.com\/en\/events\/","title":{"rendered":"EVENTS"},"content":{"rendered":"[vc_section full_width=&#8221;stretch_row&#8221; full_height=&#8221;yes&#8221; content_placement=&#8221;middle&#8221; pix_over_visibility=&#8221;&#8221; css=&#8221;.vc_custom_1657618971942{background-image: url(http:\/\/merakibeachhotel.com\/wp-content\/uploads\/2022\/06\/eventos.jpg?id=13558) !important;background-position: center !important;background-repeat: no-repeat !important;background-size: cover !important;}&#8221; section_name=&#8221;Habitaciones&#8221;][vc_row full_width=&#8221;stretch_row_content&#8221; content_placement=&#8221;middle&#8221; pix_particles_check=&#8221;&#8221;][vc_column width=&#8221;1\/3&#8243;][\/vc_column][vc_column width=&#8221;1\/3&#8243;][\/vc_column][vc_column width=&#8221;1\/3&#8243; css=&#8221;.vc_custom_1657621031147{background-color: rgba(0,0,0,0.6) !important;*background-color: rgb(0,0,0) !important;}&#8221;][vc_column_text css_animation=&#8221;none&#8221; css=&#8221;.vc_custom_1657618928376{margin-bottom: 40px !important;}&#8221;]\r\n<h2 style=\"text-align: center;\"><span style=\"color: #ffffff;\">Exclusive events on the seafront<\/span><\/h2>\r\n[\/vc_column_text][vc_column_text css_animation=&#8221;none&#8221; css=&#8221;.vc_custom_1657619614015{margin-bottom: 50px !important;}&#8221;]\r\n<h5 style=\"text-align: center;\"><span style=\"color: #ffffff;\">A magical space fully equipped for you.<\/span><\/h5>\r\n[\/vc_column_text]<div class=\"d-block w-100 text-center\"><a  href=\"https:\/\/www.merakibeachrestaurante.com\/copia-de-carta-y-men%C3%BA\" class=\"btn mb-2    vc_custom_1672048621299  text-black btn-white btn-flat d-inline-block pix-hover-item     secondary-font  pix-btn-div btn-lg\" target=\"_blank\" rel=\"noopener\"    ><i class=\" pixicon-calendar  pix-hover-left  mr-1\"><\/i> <span class=\" \" >VISIT OUR EVENTS WEBSITE<\/span><\/a><\/div>[\/vc_column][\/vc_row][\/vc_section][vc_section full_width=&#8221;stretch_row&#8221; content_placement=&#8221;middle&#8221; pix_over_visibility=&#8221;&#8221; css=&#8221;.vc_custom_1655735714634{background-color: #ffffff !important;}&#8221;][vc_row full_width=&#8221;stretch_row&#8221; pix_particles_check=&#8221;&#8221; css=&#8221;.vc_custom_1655735721601{padding-bottom: 20px !important;}&#8221;][vc_column content_align=&#8221;text-center&#8221;][vc_column_text]\r\n<h2 style=\"text-align: center;\">A space for<\/h2>\r\n<h2 style=\"text-align: center;\">your special events<\/h2>\r\n[\/vc_column_text]<div class=\"pix-el-text slide-in-container w-100   vc_custom_1657619169004\" ><div class=\"d-inline-block\" style=\"max-width:700px;\"><p class=\"text-18  text-body-default  \" >If you are looking for <b>a unique space for your celebrations<\/b>, you have already found it.<\/p><\/div><\/div><div class=\"pix-el-text slide-in-container w-100   vc_custom_1657619070608\" ><div class=\"d-inline-block\" style=\"max-width:700px;\"><p class=\"text-18  text-body-default  \" >Our Boutique Hotel has everything you need for any type of event, in <b>a magical place on the seafron<\/b>t, with different spaces and exclusive terraces for a select event.<\/p><\/div><\/div><div id=\"duo-icon-72706189\" class=\"pix-icon text-center \"><div class=\"mr-32 d-inline-block text-black \"   style=\"width:54px;height:54px;position:relative;line-height:54px;text-align:center;\"><svg width=\"100%\" height=\"100%\" viewBox=\"0 0 24 24\" version=\"1.1\" xmlns=\"http:\/\/www.w3.org\/2000\/svg\" xmlns:xlink=\"http:\/\/www.w3.org\/1999\/xlink\"> <defs><\/defs> <g stroke=\"none\" stroke-width=\"1\" fill=\"none\" fill-rule=\"evenodd\"> <path d=\"M8.2928955,3.20710089 C7.90237121,2.8165766 7.90237121,2.18341162 8.2928955,1.79288733 C8.6834198,1.40236304 9.31658478,1.40236304 9.70710907,1.79288733 L15.7071091,7.79288733 C16.085688,8.17146626 16.0989336,8.7810527 15.7371564,9.17571874 L10.2371564,15.1757187 C9.86396402,15.5828377 9.23139665,15.6103407 8.82427766,15.2371482 C8.41715867,14.8639558 8.38965574,14.2313885 8.76284815,13.8242695 L13.6158645,8.53006986 L8.2928955,3.20710089 Z\" fill=\"#000000\" fill-rule=\"nonzero\" transform=\"translate(12.000003, 8.499997) scale(-1, -1) rotate(-90.000000) translate(-12.000003, -8.499997) \"><\/path> <path d=\"M6.70710678,19.2071045 C6.31658249,19.5976288 5.68341751,19.5976288 5.29289322,19.2071045 C4.90236893,18.8165802 4.90236893,18.1834152 5.29289322,17.7928909 L11.2928932,11.7928909 C11.6714722,11.414312 12.2810586,11.4010664 12.6757246,11.7628436 L18.6757246,17.2628436 C19.0828436,17.636036 19.1103465,18.2686034 18.7371541,18.6757223 C18.3639617,19.0828413 17.7313944,19.1103443 17.3242754,18.7371519 L12.0300757,13.8841355 L6.70710678,19.2071045 Z\" fill=\"#000000\" fill-rule=\"nonzero\" opacity=\"0.3\" transform=\"translate(12.000003, 15.499997) scale(-1, -1) rotate(-360.000000) translate(-12.000003, -15.499997) \"><\/path> <\/g> <\/svg><\/div><\/div>[\/vc_column][\/vc_row][\/vc_section][vc_section full_width=&#8221;stretch_row&#8221; full_height=&#8221;yes&#8221; content_placement=&#8221;middle&#8221; pix_over_visibility=&#8221;&#8221; css=&#8221;.vc_custom_1657620800616{background-image: url(http:\/\/merakibeachhotel.com\/wp-content\/uploads\/2022\/07\/bodas-merakibeachhotel.jpg?id=14315) !important;background-position: center !important;background-repeat: no-repeat !important;background-size: cover !important;}&#8221; section_name=&#8221;Habitaciones&#8221;][vc_row full_width=&#8221;stretch_row_content&#8221; content_placement=&#8221;middle&#8221; pix_particles_check=&#8221;&#8221;][vc_column width=&#8221;1\/3&#8243;][\/vc_column][vc_column width=&#8221;1\/3&#8243;][\/vc_column][vc_column width=&#8221;1\/3&#8243;][\/vc_column][\/vc_row][\/vc_section][vc_section full_width=&#8221;stretch_row&#8221; content_placement=&#8221;middle&#8221; pix_over_visibility=&#8221;&#8221; css=&#8221;.vc_custom_1655735714634{background-color: #ffffff !important;}&#8221;][vc_row full_width=&#8221;stretch_row&#8221; pix_particles_check=&#8221;&#8221; css=&#8221;.vc_custom_1655735721601{padding-bottom: 20px !important;}&#8221;][vc_column content_align=&#8221;text-center&#8221;][vc_column_text]\r\n<h2 style=\"text-align: center;\">Yes I want!<\/h2>\r\n[\/vc_column_text]<div class=\"pix-el-text slide-in-container w-100   vc_custom_1663067433863\" ><div class=\"d-inline-block\" style=\"max-width:700px;\"><p class=\"text-18  text-body-default  \" >Have you imagined getting married on the sand of the beach next to the Mediterranean Sea?<\/p><\/div><\/div><div class=\"pix-el-text slide-in-container w-100   vc_custom_1663067440951\" ><div class=\"d-inline-block\" style=\"max-width:700px;\"><p class=\"text-18  text-body-default  \" >\r\n\r\nAn intimate wedding in a unique space with views of the sea. An ideal location to celebrate your wedding.<\/p><\/div><\/div><div class=\"d-block w-100 text-center\"><a  href=\"https:\/\/www.merakibeachrestaurante.com\/copia-de-carta-y-men%C3%BA\" class=\"btn mb-2    vc_custom_1672048650358  text-white btn-black btn-flat d-inline-block pix-hover-item     secondary-font  pix-btn-div btn-lg\" target=\"_blank\" rel=\"noopener\"    ><i class=\" pixicon-info-circle  pix-hover-left  mr-1\"><\/i> <span class=\" \" >VISIT OUR EVENTS WEBSITE<\/span><\/a><\/div>[\/vc_column][\/vc_row][\/vc_section][vc_section full_width=&#8221;stretch_row&#8221; full_height=&#8221;yes&#8221; content_placement=&#8221;middle&#8221; pix_over_visibility=&#8221;&#8221; css=&#8221;.vc_custom_1657620945923{background-image: url(http:\/\/merakibeachhotel.com\/wp-content\/uploads\/2022\/07\/eventos-corporativos-merakibeachhotel.jpg?id=14319) !important;background-position: center !important;background-repeat: no-repeat !important;background-size: cover !important;}&#8221; section_name=&#8221;Meraki Beach Hotel&#8221;][vc_row full_width=&#8221;stretch_row_content_no_spaces&#8221; pix_particles_check=&#8221;&#8221;][vc_column width=&#8221;1\/3&#8243;][\/vc_column][vc_column width=&#8221;1\/3&#8243;][\/vc_column][vc_column width=&#8221;1\/3&#8243;][\/vc_column][\/vc_row][\/vc_section][vc_section full_width=&#8221;stretch_row&#8221; content_placement=&#8221;middle&#8221; pix_over_visibility=&#8221;&#8221; css=&#8221;.vc_custom_1655735714634{background-color: #ffffff !important;}&#8221;][vc_row full_width=&#8221;stretch_row&#8221; pix_particles_check=&#8221;&#8221; css=&#8221;.vc_custom_1655735721601{padding-bottom: 20px !important;}&#8221;][vc_column content_align=&#8221;text-center&#8221;][vc_column_text]\r\n<h2 style=\"text-align: center;\">Corporate Space<\/h2>\r\n[\/vc_column_text]<div class=\"pix-el-text slide-in-container w-100   vc_custom_1663067630967\" ><div class=\"d-inline-block\" style=\"max-width:700px;\"><p class=\"text-18  text-body-default  \" >An effective proposal and series for your corporate events.<\/p><\/div><\/div><div class=\"pix-el-text slide-in-container w-100   vc_custom_1663067639619\" ><div class=\"d-inline-block\" style=\"max-width:700px;\"><p class=\"text-18  text-body-default  \" >Services and spaces for meetings, congresses, institutional dinners, presentations of new products and the best gastronomic proposals for incentive trips.<\/p><\/div><\/div><div class=\"d-block w-100 text-center\"><a  href=\"https:\/\/www.merakibeachrestaurante.com\/copia-de-carta-y-men%C3%BA\" class=\"btn mb-2    vc_custom_1672048662417  text-white btn-black btn-flat d-inline-block pix-hover-item     secondary-font  pix-btn-div btn-lg\" target=\"_blank\" rel=\"noopener\"    ><i class=\" pixicon-info-circle  pix-hover-left  mr-1\"><\/i> <span class=\" \" >VISIT OUR EVENTS WEBSITE<\/span><\/a><\/div>[\/vc_column][\/vc_row][\/vc_section][vc_section full_width=&#8221;stretch_row&#8221; full_height=&#8221;yes&#8221; content_placement=&#8221;middle&#8221; pix_over_visibility=&#8221;&#8221; css=&#8221;.vc_custom_1657620822567{background-image: url(http:\/\/merakibeachhotel.com\/wp-content\/uploads\/2022\/07\/eventos-familiares-merakibeachhotel.jpg?id=14317) !important;background-position: center !important;background-repeat: no-repeat !important;background-size: cover !important;}&#8221; section_name=&#8221;Habitaciones&#8221;][vc_row full_width=&#8221;stretch_row_content&#8221; content_placement=&#8221;middle&#8221; pix_particles_check=&#8221;&#8221;][vc_column width=&#8221;1\/3&#8243;][\/vc_column][vc_column width=&#8221;1\/3&#8243;][\/vc_column][vc_column width=&#8221;1\/3&#8243;][\/vc_column][\/vc_row][\/vc_section][vc_section full_width=&#8221;stretch_row&#8221; content_placement=&#8221;middle&#8221; pix_over_visibility=&#8221;&#8221; css=&#8221;.vc_custom_1655735714634{background-color: #ffffff !important;}&#8221;][vc_row full_width=&#8221;stretch_row&#8221; pix_particles_check=&#8221;&#8221; css=&#8221;.vc_custom_1655735721601{padding-bottom: 20px !important;}&#8221;][vc_column content_align=&#8221;text-center&#8221;][vc_column_text]\r\n<h2 style=\"text-align: center;\">Unforgettable Moments<\/h2>\r\n[\/vc_column_text]<div class=\"pix-el-text slide-in-container w-100   vc_custom_1663067859663\" ><div class=\"d-inline-block\" style=\"max-width:700px;\"><p class=\"text-18  text-body-default  \" >Celebrate Communions, Baptisms or any particular event you need.<\/p><\/div><\/div><div class=\"pix-el-text slide-in-container w-100   vc_custom_1663067743670\" ><div class=\"d-inline-block\" style=\"max-width:700px;\"><p class=\"text-18  text-body-default  \" >A perfect space for your guests and a catering that will delight the attendees.<\/p><\/div><\/div><div class=\"d-block w-100 text-center\"><a  href=\"https:\/\/www.merakibeachrestaurante.com\/charters\" class=\"btn mb-2    vc_custom_1663067665935  text-white btn-black btn-flat d-inline-block pix-hover-item     secondary-font  pix-btn-div btn-lg\" target=\"_blank\" rel=\"noopener\"    ><i class=\" pixicon-info-circle  pix-hover-left  mr-1\"><\/i> <span class=\" \" >EVENTS WEBSITE<\/span><\/a><\/div>[\/vc_column][\/vc_row][\/vc_section][vc_section full_width=&#8221;stretch_row&#8221; content_placement=&#8221;middle&#8221; pix_over_visibility=&#8221;&#8221; css=&#8221;.vc_custom_1657619653701{background-color: #ffffff !important;}&#8221;][vc_row full_width=&#8221;stretch_row&#8221; pix_particles_check=&#8221;&#8221; css=&#8221;.vc_custom_1655735721601{padding-bottom: 20px !important;}&#8221;][vc_column content_align=&#8221;text-center&#8221;][vc_column_text]\r\n<h2 style=\"text-align: center;\">Enjoy a<\/h2>\r\n<h2 style=\"text-align: center;\">special event<\/h2>\r\n[\/vc_column_text]<div class=\"pix-el-text slide-in-container w-100   vc_custom_1657619785194\" ><div class=\"d-inline-block\" style=\"max-width:750px;\"><p class=\"text-18  text-body-default  \" > If you want more information, leave us your information and we will contact you as soon as possible.<\/p><\/div><\/div><div class=\"d-block w-100 text-center\"><a  href=\"https:\/\/merakibeachhotel.com\/en\/contact\/\" class=\"btn mb-2    vc_custom_1665050090204  text-white btn-black btn-flat d-inline-block pix-hover-item     secondary-font  pix-btn-div btn-lg\"     ><i class=\" pixicon-info-circle  pix-hover-left  mr-1\"><\/i> <span class=\" \" >More information<\/span><\/a><\/div>[\/vc_column][\/vc_row][\/vc_section]","protected":false},"excerpt":{"rendered":"[vc_section full_width=&#8221;stretch_row&#8221; full_height=&#8221;yes&#8221; content_placement=&#8221;middle&#8221; pix_over_visibility=&#8221;&#8221; css=&#8221;.vc_custom_1657618971942{background-image: url(http:\/\/merakibeachhotel.com\/wp-content\/uploads\/2022\/06\/eventos.jpg?id=13558) !important;background-position: center !important;background-repeat: no-repeat !important;background-size: cover !important;}&#8221; section_name=&#8221;Habitaciones&#8221;][vc_row full_width=&#8221;stretch_row_content&#8221; content_placement=&#8221;middle&#8221; pix_particles_check=&#8221;&#8221;][vc_column width=&#8221;1\/3&#8243;][\/vc_column][vc_column width=&#8221;1\/3&#8243;][\/vc_column][vc_column width=&#8221;1\/3&#8243; css=&#8221;.vc_custom_1657621031147{background-color: rgba(0,0,0,0.6) !important;*background-color: rgb(0,0,0) !important;}&#8221;][vc_column_text css_animation=&#8221;none&#8221; css=&#8221;.vc_custom_1657618928376{margin-bottom: 40px !important;}&#8221;] Exclusive events on the seafront [\/vc_column_text][vc_column_text css_animation=&#8221;none&#8221; css=&#8221;.vc_custom_1657619614015{margin-bottom: 50px !important;}&#8221;]&#8230;","protected":false},"author":1,"featured_media":0,"parent":0,"menu_order":0,"comment_status":"closed","ping_status":"closed","template":"","meta":{"footnotes":""},"class_list":["post-14430","page","type-page","status-publish","hentry"],"yoast_head":"<!-- This site is optimized with the Yoast SEO plugin v27.4 - https:\/\/yoast.com\/product\/yoast-seo-wordpress\/ -->\n<title>EVENTS - Meraki Beach Hotel | El primer hotel Only Adults de Valencia<\/title>\n<meta name=\"robots\" content=\"index, follow, max-snippet:-1, max-image-preview:large, max-video-preview:-1\" \/>\n<link rel=\"canonical\" href=\"https:\/\/merakibeachhotel.com\/en\/events\/\" \/>\n<meta property=\"og:locale\" content=\"en_US\" \/>\n<meta property=\"og:type\" content=\"article\" \/>\n<meta property=\"og:title\" content=\"EVENTS - Meraki Beach Hotel | El primer hotel Only Adults de Valencia\" \/>\n<meta property=\"og:description\" content=\"[vc_section full_width=&#8221;stretch_row&#8221; full_height=&#8221;yes&#8221; content_placement=&#8221;middle&#8221; pix_over_visibility=&#8221;&#8221; css=&#8221;.vc_custom_1657618971942{background-image: url(http:\/\/merakibeachhotel.com\/wp-content\/uploads\/2022\/06\/eventos.jpg?id=13558) !important;background-position: center !important;background-repeat: no-repeat !important;background-size: cover !important;}&#8221; section_name=&#8221;Habitaciones&#8221;][vc_row full_width=&#8221;stretch_row_content&#8221; content_placement=&#8221;middle&#8221; pix_particles_check=&#8221;&#8221;][vc_column width=&#8221;1\/3&#8243;][\/vc_column][vc_column width=&#8221;1\/3&#8243;][\/vc_column][vc_column width=&#8221;1\/3&#8243; css=&#8221;.vc_custom_1657621031147{background-color: rgba(0,0,0,0.6) !important;*background-color: rgb(0,0,0) !important;}&#8221;][vc_column_text css_animation=&#8221;none&#8221; css=&#8221;.vc_custom_1657618928376{margin-bottom: 40px !important;}&#8221;] Exclusive events on the seafront [\/vc_column_text][vc_column_text css_animation=&#8221;none&#8221; css=&#8221;.vc_custom_1657619614015{margin-bottom: 50px !important;}&#8221;]...\" \/>\n<meta property=\"og:url\" content=\"https:\/\/merakibeachhotel.com\/en\/events\/\" \/>\n<meta property=\"og:site_name\" content=\"Meraki Beach Hotel | El primer hotel Only Adults de Valencia\" \/>\n<meta property=\"article:publisher\" content=\"https:\/\/www.facebook.com\/MERAKIBEACHHOTEL\" \/>\n<meta property=\"article:modified_time\" content=\"2022-12-26T09:57:44+00:00\" \/>\n<meta name=\"twitter:card\" content=\"summary_large_image\" \/>\n<meta name=\"twitter:label1\" content=\"Est. reading time\" \/>\n\t<meta name=\"twitter:data1\" content=\"3 minutes\" \/>\n<script type=\"application\/ld+json\" class=\"yoast-schema-graph\">{\"@context\":\"https:\\\/\\\/schema.org\",\"@graph\":[{\"@type\":\"WebPage\",\"@id\":\"https:\\\/\\\/merakibeachhotel.com\\\/en\\\/events\\\/\",\"url\":\"https:\\\/\\\/merakibeachhotel.com\\\/en\\\/events\\\/\",\"name\":\"EVENTS - Meraki Beach Hotel | El primer hotel Only Adults de Valencia\",\"isPartOf\":{\"@id\":\"https:\\\/\\\/merakibeachhotel.com\\\/#website\"},\"datePublished\":\"2022-07-12T09:37:00+00:00\",\"dateModified\":\"2022-12-26T09:57:44+00:00\",\"breadcrumb\":{\"@id\":\"https:\\\/\\\/merakibeachhotel.com\\\/en\\\/events\\\/#breadcrumb\"},\"inLanguage\":\"en-US\",\"potentialAction\":[{\"@type\":\"ReadAction\",\"target\":[\"https:\\\/\\\/merakibeachhotel.com\\\/en\\\/events\\\/\"]}]},{\"@type\":\"BreadcrumbList\",\"@id\":\"https:\\\/\\\/merakibeachhotel.com\\\/en\\\/events\\\/#breadcrumb\",\"itemListElement\":[{\"@type\":\"ListItem\",\"position\":1,\"name\":\"Portada\",\"item\":\"https:\\\/\\\/merakibeachhotel.com\\\/en\\\/\"},{\"@type\":\"ListItem\",\"position\":2,\"name\":\"EVENTS\"}]},{\"@type\":\"WebSite\",\"@id\":\"https:\\\/\\\/merakibeachhotel.com\\\/#website\",\"url\":\"https:\\\/\\\/merakibeachhotel.com\\\/\",\"name\":\"Meraki Beach Hotel | El primer hotel Only Adults de Valencia\",\"description\":\"Garant\u00eda y seguridad en un Hotel diferente donde se busca ante todo la tranquilidad de nuestros hu\u00e9spedes, en un enclave \u00fanico junto al mar mediterr\u00e1neo.\",\"publisher\":{\"@id\":\"https:\\\/\\\/merakibeachhotel.com\\\/#organization\"},\"potentialAction\":[{\"@type\":\"SearchAction\",\"target\":{\"@type\":\"EntryPoint\",\"urlTemplate\":\"https:\\\/\\\/merakibeachhotel.com\\\/?s={search_term_string}\"},\"query-input\":{\"@type\":\"PropertyValueSpecification\",\"valueRequired\":true,\"valueName\":\"search_term_string\"}}],\"inLanguage\":\"en-US\"},{\"@type\":\"Organization\",\"@id\":\"https:\\\/\\\/merakibeachhotel.com\\\/#organization\",\"name\":\"Meraki Beach Hotel | El primer hotel Only Adults de Valencia\",\"url\":\"https:\\\/\\\/merakibeachhotel.com\\\/\",\"logo\":{\"@type\":\"ImageObject\",\"inLanguage\":\"en-US\",\"@id\":\"https:\\\/\\\/merakibeachhotel.com\\\/#\\\/schema\\\/logo\\\/image\\\/\",\"url\":\"http:\\\/\\\/merakibeachhotel.com\\\/wp-content\\\/uploads\\\/2024\\\/02\\\/MERAKI-BY-SWEET-nuevo.png\",\"contentUrl\":\"http:\\\/\\\/merakibeachhotel.com\\\/wp-content\\\/uploads\\\/2024\\\/02\\\/MERAKI-BY-SWEET-nuevo.png\",\"width\":3000,\"height\":816,\"caption\":\"Meraki Beach Hotel | El primer hotel Only Adults de Valencia\"},\"image\":{\"@id\":\"https:\\\/\\\/merakibeachhotel.com\\\/#\\\/schema\\\/logo\\\/image\\\/\"},\"sameAs\":[\"https:\\\/\\\/www.facebook.com\\\/MERAKIBEACHHOTEL\",\"https:\\\/\\\/www.instagram.com\\\/merakibeachhotel\\\/\"]}]}<\/script>\n<!-- \/ Yoast SEO plugin. -->","yoast_head_json":{"title":"EVENTS - Meraki Beach Hotel | El primer hotel Only Adults de Valencia","robots":{"index":"index","follow":"follow","max-snippet":"max-snippet:-1","max-image-preview":"max-image-preview:large","max-video-preview":"max-video-preview:-1"},"canonical":"https:\/\/merakibeachhotel.com\/en\/events\/","og_locale":"en_US","og_type":"article","og_title":"EVENTS - Meraki Beach Hotel | El primer hotel Only Adults de Valencia","og_description":"[vc_section full_width=&#8221;stretch_row&#8221; full_height=&#8221;yes&#8221; content_placement=&#8221;middle&#8221; pix_over_visibility=&#8221;&#8221; css=&#8221;.vc_custom_1657618971942{background-image: url(http:\/\/merakibeachhotel.com\/wp-content\/uploads\/2022\/06\/eventos.jpg?id=13558) !important;background-position: center !important;background-repeat: no-repeat !important;background-size: cover !important;}&#8221; section_name=&#8221;Habitaciones&#8221;][vc_row full_width=&#8221;stretch_row_content&#8221; content_placement=&#8221;middle&#8221; pix_particles_check=&#8221;&#8221;][vc_column width=&#8221;1\/3&#8243;][\/vc_column][vc_column width=&#8221;1\/3&#8243;][\/vc_column][vc_column width=&#8221;1\/3&#8243; css=&#8221;.vc_custom_1657621031147{background-color: rgba(0,0,0,0.6) !important;*background-color: rgb(0,0,0) !important;}&#8221;][vc_column_text css_animation=&#8221;none&#8221; css=&#8221;.vc_custom_1657618928376{margin-bottom: 40px !important;}&#8221;] Exclusive events on the seafront [\/vc_column_text][vc_column_text css_animation=&#8221;none&#8221; css=&#8221;.vc_custom_1657619614015{margin-bottom: 50px !important;}&#8221;]...","og_url":"https:\/\/merakibeachhotel.com\/en\/events\/","og_site_name":"Meraki Beach Hotel | El primer hotel Only Adults de Valencia","article_publisher":"https:\/\/www.facebook.com\/MERAKIBEACHHOTEL","article_modified_time":"2022-12-26T09:57:44+00:00","twitter_card":"summary_large_image","twitter_misc":{"Est. reading time":"3 minutes"},"schema":{"@context":"https:\/\/schema.org","@graph":[{"@type":"WebPage","@id":"https:\/\/merakibeachhotel.com\/en\/events\/","url":"https:\/\/merakibeachhotel.com\/en\/events\/","name":"EVENTS - Meraki Beach Hotel | El primer hotel Only Adults de Valencia","isPartOf":{"@id":"https:\/\/merakibeachhotel.com\/#website"},"datePublished":"2022-07-12T09:37:00+00:00","dateModified":"2022-12-26T09:57:44+00:00","breadcrumb":{"@id":"https:\/\/merakibeachhotel.com\/en\/events\/#breadcrumb"},"inLanguage":"en-US","potentialAction":[{"@type":"ReadAction","target":["https:\/\/merakibeachhotel.com\/en\/events\/"]}]},{"@type":"BreadcrumbList","@id":"https:\/\/merakibeachhotel.com\/en\/events\/#breadcrumb","itemListElement":[{"@type":"ListItem","position":1,"name":"Portada","item":"https:\/\/merakibeachhotel.com\/en\/"},{"@type":"ListItem","position":2,"name":"EVENTS"}]},{"@type":"WebSite","@id":"https:\/\/merakibeachhotel.com\/#website","url":"https:\/\/merakibeachhotel.com\/","name":"Meraki Beach Hotel | El primer hotel Only Adults de Valencia","description":"Garant\u00eda y seguridad en un Hotel diferente donde se busca ante todo la tranquilidad de nuestros hu\u00e9spedes, en un enclave \u00fanico junto al mar mediterr\u00e1neo.","publisher":{"@id":"https:\/\/merakibeachhotel.com\/#organization"},"potentialAction":[{"@type":"SearchAction","target":{"@type":"EntryPoint","urlTemplate":"https:\/\/merakibeachhotel.com\/?s={search_term_string}"},"query-input":{"@type":"PropertyValueSpecification","valueRequired":true,"valueName":"search_term_string"}}],"inLanguage":"en-US"},{"@type":"Organization","@id":"https:\/\/merakibeachhotel.com\/#organization","name":"Meraki Beach Hotel | El primer hotel Only Adults de Valencia","url":"https:\/\/merakibeachhotel.com\/","logo":{"@type":"ImageObject","inLanguage":"en-US","@id":"https:\/\/merakibeachhotel.com\/#\/schema\/logo\/image\/","url":"http:\/\/merakibeachhotel.com\/wp-content\/uploads\/2024\/02\/MERAKI-BY-SWEET-nuevo.png","contentUrl":"http:\/\/merakibeachhotel.com\/wp-content\/uploads\/2024\/02\/MERAKI-BY-SWEET-nuevo.png","width":3000,"height":816,"caption":"Meraki Beach Hotel | El primer hotel Only Adults de Valencia"},"image":{"@id":"https:\/\/merakibeachhotel.com\/#\/schema\/logo\/image\/"},"sameAs":["https:\/\/www.facebook.com\/MERAKIBEACHHOTEL","https:\/\/www.instagram.com\/merakibeachhotel\/"]}]}},"_links":{"self":[{"href":"https:\/\/merakibeachhotel.com\/en\/wp-json\/wp\/v2\/pages\/14430","targetHints":{"allow":["GET"]}}],"collection":[{"href":"https:\/\/merakibeachhotel.com\/en\/wp-json\/wp\/v2\/pages"}],"about":[{"href":"https:\/\/merakibeachhotel.com\/en\/wp-json\/wp\/v2\/types\/page"}],"author":[{"embeddable":true,"href":"https:\/\/merakibeachhotel.com\/en\/wp-json\/wp\/v2\/users\/1"}],"replies":[{"embeddable":true,"href":"https:\/\/merakibeachhotel.com\/en\/wp-json\/wp\/v2\/comments?post=14430"}],"version-history":[{"count":9,"href":"https:\/\/merakibeachhotel.com\/en\/wp-json\/wp\/v2\/pages\/14430\/revisions"}],"predecessor-version":[{"id":14902,"href":"https:\/\/merakibeachhotel.com\/en\/wp-json\/wp\/v2\/pages\/14430\/revisions\/14902"}],"wp:attachment":[{"href":"https:\/\/merakibeachhotel.com\/en\/wp-json\/wp\/v2\/media?parent=14430"}],"curies":[{"name":"wp","href":"https:\/\/api.w.org\/{rel}","templated":true}]}}